{"id":285,"date":"2016-02-12T21:36:00","date_gmt":"2016-02-12T20:36:00","guid":{"rendered":"https:\/\/www.pepinieriste-paysagiste-kresz.fr\/site\/?page_id=285"},"modified":"2025-08-22T16:03:55","modified_gmt":"2025-08-22T15:03:55","slug":"pour-le-jardin","status":"publish","type":"page","link":"https:\/\/www.pepinieriste-paysagiste-kresz.fr\/site\/pour-le-jardin\/","title":{"rendered":"ACCESSOIRES POUR L&rsquo;AM\u00c9NAGEMENT PAYSAGER"},"content":{"rendered":"<h1><span style=\"color: #333333;\">ACCESSOIRES POUR L&rsquo;AM\u00c9NAGEMENT PAYSAGER<\/span><\/h1>\n<h3><span style=\"color: #333333;\">Toile hors sol :<\/span><\/h3>\n<p><span style=\"color: #333333;\"><img loading=\"lazy\" decoding=\"async\" class=\"alignleft wp-image-286 size-medium\" src=\"https:\/\/www.pepinieriste-paysagiste-kresz.fr\/site\/wp-content\/uploads\/2016\/02\/toile-300x219.jpg\" alt=\"toile\" width=\"300\" height=\"219\" srcset=\"https:\/\/www.pepinieriste-paysagiste-kresz.fr\/site\/wp-content\/uploads\/2016\/02\/toile-300x219.jpg 300w, https:\/\/www.pepinieriste-paysagiste-kresz.fr\/site\/wp-content\/uploads\/2016\/02\/toile-768x561.jpg 768w, https:\/\/www.pepinieriste-paysagiste-kresz.fr\/site\/wp-content\/uploads\/2016\/02\/toile.jpg 821w\" sizes=\"auto, (max-width: 300px) 100vw, 300px\" \/>Utiliser en paillage, la toile hors sol avec une qualit\u00e9 de tissage qui emp\u00eache la pousse de toutes mauvaises herbes.<\/span><br \/>\n<span style=\"color: #333333;\"> Avec une capacit\u00e9 a laisser p\u00e9n\u00e9trer les eaux de pluie et d&rsquo;arrosage. Une limitation de l&rsquo;\u00e9vapotranspiration ce qui permet au sol de conserver une certaine humidit\u00e9 non n\u00e9gligeable lors de forte chaleur, elle prot\u00e8ge \u00e9galement les pieds des jeunes plantations contre les gel\u00e9es importantes Hivernales. Protection des talus contre les ruiss\u00e8lements et affaissements. La conjugaison de tous ces diff\u00e9rents facteurs ayant pour cons\u00e9quence d&rsquo;acc\u00e9l\u00e9rer le d\u00e9veloppement et la croissance des plantations r\u00e9alis\u00e9es sur ce type de produits.<\/span><br \/>\n<span style=\"color: #333333;\"> Disponible au ml et en rouleau de 100ml.<\/span><\/p>\n<h3><span style=\"color: #333333;\">G\u00e9otextile :<\/span><\/h3>\n<p><span style=\"color: #333333;\"><img loading=\"lazy\" decoding=\"async\" class=\"alignleft wp-image-288 \" src=\"https:\/\/www.pepinieriste-paysagiste-kresz.fr\/site\/wp-content\/uploads\/2016\/02\/geo-gd.jpg\" alt=\"Petits travaux de terrassement \u00e0 Peynier\" width=\"305\" height=\"229\" srcset=\"https:\/\/www.pepinieriste-paysagiste-kresz.fr\/site\/wp-content\/uploads\/2016\/02\/geo-gd.jpg 800w, https:\/\/www.pepinieriste-paysagiste-kresz.fr\/site\/wp-content\/uploads\/2016\/02\/geo-gd-300x225.jpg 300w, https:\/\/www.pepinieriste-paysagiste-kresz.fr\/site\/wp-content\/uploads\/2016\/02\/geo-gd-768x576.jpg 768w\" sizes=\"auto, (max-width: 305px) 100vw, 305px\" \/>Tr\u00e8s utile dans le domaines du jardinage et de l&rsquo;am\u00e9nagement, les tissus g\u00e9otextiles compos\u00e9s de mat\u00e9riaux synth\u00e9tiques sont souvent plus connus sous le nom de \u00ab\u00a0Bidim\u00a0\u00bb. Ces feutres ont pour propri\u00e9t\u00e9 principale de cr\u00e9er une barri\u00e8re physique entre la terre du jardin et le nouveau mat\u00e9riau tout en laissant libre passage \u00e0 l&rsquo;eau.<\/span><\/p>\n<h3><span style=\"color: #333333;\">Barri\u00e8re anti-rhizomes :<\/span><\/h3>\n<p><span style=\"color: #333333;\"><img loading=\"lazy\" decoding=\"async\" class=\"alignleft wp-image-290 size-medium\" src=\"https:\/\/www.pepinieriste-paysagiste-kresz.fr\/site\/wp-content\/uploads\/2016\/02\/anti-rhizome-gd-300x225.jpg\" alt=\"anti-rhizome-gd\" width=\"300\" height=\"225\" srcset=\"https:\/\/www.pepinieriste-paysagiste-kresz.fr\/site\/wp-content\/uploads\/2016\/02\/anti-rhizome-gd-300x225.jpg 300w, https:\/\/www.pepinieriste-paysagiste-kresz.fr\/site\/wp-content\/uploads\/2016\/02\/anti-rhizome-gd-768x576.jpg 768w, https:\/\/www.pepinieriste-paysagiste-kresz.fr\/site\/wp-content\/uploads\/2016\/02\/anti-rhizome-gd.jpg 800w\" sizes=\"auto, (max-width: 300px) 100vw, 300px\" \/>Fini les rhizomes tenaces qui envahissent votre jardin, vos massifs&#8230; Gr\u00e2ce \u00e0 la barri\u00e8re anti-rhizome pour bambous et autres plantes drageonnantes.<\/span><\/p>\n<h3><span style=\"color: #333333;\">Voile d&rsquo;hivernage :<\/span><\/h3>\n<p><span style=\"color: #333333;\">Le voile d&rsquo;hivernage prot\u00e8ge vos plantes durant l&rsquo;hiver. Il offre une protection thermique efficace contre le gel, il prot\u00e8ge de la d\u00e9shydratation excessive des plantations, il donne une protection contre les d\u00e9g\u00e2ts physiques caus\u00e9s par le givre et par la neige.<\/span><\/p>\n<h3><span style=\"color: #333333;\">Nos attaches et tuteurages :<\/span><\/h3>\n<p><span style=\"color: #333333;\"><strong>Lien marron\u00a0<\/strong><\/span><\/p>\n<p><span style=\"color: #333333;\">Ce tube en mati\u00e8re plastique marron est utilis\u00e9 pour le tuteurage des plantes de p\u00e9pini\u00e8re. Gr\u00e2ce \u00e0 sa grande souplesse et son \u00e9lasticit\u00e9, le lien ne blesse pas les plantes tuteur\u00e9es.<\/span><\/p>\n<p><span style=\"color: #333333;\"><strong>Attache \u00e9lastique<\/strong><\/span><\/p>\n<p><span style=\"color: #333333;\">Cette attache pour arbre permettent de fixer solidement le tuteur au fil de palissage. En PVC rigide, elle permet d\u2019assembler des bambous jusqu\u2019\u00e0 30 mm de diam\u00e8tre. Permet de tuteurer de fa\u00e7on souple en facilitant la croissance de l\u2019arbre. Le lien peut servir plusieurs fois.<\/span><\/p>\n<p><span style=\"color: #333333;\"><strong>Tuteur ch\u00e2taignier<\/strong><\/span><\/p>\n<p><span style=\"color: #333333;\">Les tuteurs en ch\u00e2taignier servent \u00e0 supporter les jeunes arbres, ils sont sans entretien.<\/span><\/p>\n","protected":false},"excerpt":{"rendered":"<p>ACCESSOIRES POUR L&rsquo;AM\u00c9NAGEMENT PAYSAGER Toile hors sol : Utiliser en paillage, la toile hors sol avec une qualit\u00e9 de tissage qui emp\u00eache la pousse de toutes mauvaises herbes. Avec une capacit\u00e9 a laisser p\u00e9n\u00e9trer les [&hellip;]<\/p>\n","protected":false},"author":1,"featured_media":0,"parent":0,"menu_order":0,"comment_status":"closed","ping_status":"closed","template":"","meta":[],"class_list":["post-285","page","type-page","status-publish","hentry"],"yoast_head":"<!-- This site is optimized with the Yoast SEO plugin v27.5 - https:\/\/yoast.com\/product\/yoast-seo-wordpress\/ -->\n<title>ACCESSOIRES POUR L&#039;AM\u00c9NAGEMENT PAYSAGER - P\u00e9pini\u00e8re Kresz<\/title>\n<meta name=\"robots\" content=\"index, follow, max-snippet:-1, max-image-preview:large, max-video-preview:-1\" \/>\n<link rel=\"canonical\" href=\"https:\/\/www.pepinieriste-paysagiste-kresz.fr\/site\/pour-le-jardin\/\" \/>\n<meta property=\"og:locale\" content=\"fr_FR\" \/>\n<meta property=\"og:type\" content=\"article\" \/>\n<meta property=\"og:title\" content=\"ACCESSOIRES POUR L&#039;AM\u00c9NAGEMENT PAYSAGER - P\u00e9pini\u00e8re Kresz\" \/>\n<meta property=\"og:description\" content=\"ACCESSOIRES POUR L&rsquo;AM\u00c9NAGEMENT PAYSAGER Toile hors sol : Utiliser en paillage, la toile hors sol avec une qualit\u00e9 de tissage qui emp\u00eache la pousse de toutes mauvaises herbes. Avec une capacit\u00e9 a laisser p\u00e9n\u00e9trer les [&hellip;]\" \/>\n<meta property=\"og:url\" content=\"https:\/\/www.pepinieriste-paysagiste-kresz.fr\/site\/pour-le-jardin\/\" \/>\n<meta property=\"og:site_name\" content=\"P\u00e9pini\u00e8re Kresz\" \/>\n<meta property=\"article:publisher\" content=\"https:\/\/www.facebook.com\/P%c3%a9pini%c3%a8re-Kresz-348170148602816\/\" \/>\n<meta property=\"article:modified_time\" content=\"2025-08-22T15:03:55+00:00\" \/>\n<meta property=\"og:image\" content=\"https:\/\/www.pepinieriste-paysagiste-kresz.fr\/site\/wp-content\/uploads\/2016\/02\/toile.jpg\" \/>\n\t<meta property=\"og:image:width\" content=\"821\" \/>\n\t<meta property=\"og:image:height\" content=\"600\" \/>\n\t<meta property=\"og:image:type\" content=\"image\/jpeg\" \/>\n<meta name=\"twitter:card\" content=\"summary_large_image\" \/>\n<meta name=\"twitter:label1\" content=\"Dur\u00e9e de lecture estim\u00e9e\" \/>\n\t<meta name=\"twitter:data1\" content=\"3 minutes\" \/>\n<script type=\"application\/ld+json\" class=\"yoast-schema-graph\">{\"@context\":\"https:\\\/\\\/schema.org\",\"@graph\":[{\"@type\":\"WebPage\",\"@id\":\"https:\\\/\\\/www.pepinieriste-paysagiste-kresz.fr\\\/site\\\/pour-le-jardin\\\/\",\"url\":\"https:\\\/\\\/www.pepinieriste-paysagiste-kresz.fr\\\/site\\\/pour-le-jardin\\\/\",\"name\":\"ACCESSOIRES POUR L'AM\u00c9NAGEMENT PAYSAGER - P\u00e9pini\u00e8re Kresz\",\"isPartOf\":{\"@id\":\"https:\\\/\\\/www.pepinieriste-paysagiste-kresz.fr\\\/site\\\/#website\"},\"primaryImageOfPage\":{\"@id\":\"https:\\\/\\\/www.pepinieriste-paysagiste-kresz.fr\\\/site\\\/pour-le-jardin\\\/#primaryimage\"},\"image\":{\"@id\":\"https:\\\/\\\/www.pepinieriste-paysagiste-kresz.fr\\\/site\\\/pour-le-jardin\\\/#primaryimage\"},\"thumbnailUrl\":\"https:\\\/\\\/www.pepinieriste-paysagiste-kresz.fr\\\/site\\\/wp-content\\\/uploads\\\/2016\\\/02\\\/toile-300x219.jpg\",\"datePublished\":\"2016-02-12T20:36:00+00:00\",\"dateModified\":\"2025-08-22T15:03:55+00:00\",\"breadcrumb\":{\"@id\":\"https:\\\/\\\/www.pepinieriste-paysagiste-kresz.fr\\\/site\\\/pour-le-jardin\\\/#breadcrumb\"},\"inLanguage\":\"fr-FR\",\"potentialAction\":[{\"@type\":\"ReadAction\",\"target\":[\"https:\\\/\\\/www.pepinieriste-paysagiste-kresz.fr\\\/site\\\/pour-le-jardin\\\/\"]}]},{\"@type\":\"ImageObject\",\"inLanguage\":\"fr-FR\",\"@id\":\"https:\\\/\\\/www.pepinieriste-paysagiste-kresz.fr\\\/site\\\/pour-le-jardin\\\/#primaryimage\",\"url\":\"https:\\\/\\\/www.pepinieriste-paysagiste-kresz.fr\\\/site\\\/wp-content\\\/uploads\\\/2016\\\/02\\\/toile.jpg\",\"contentUrl\":\"https:\\\/\\\/www.pepinieriste-paysagiste-kresz.fr\\\/site\\\/wp-content\\\/uploads\\\/2016\\\/02\\\/toile.jpg\",\"width\":821,\"height\":600,\"caption\":\"Cr\u00e9ation de terrain de boule \u00e0 Allauch\"},{\"@type\":\"BreadcrumbList\",\"@id\":\"https:\\\/\\\/www.pepinieriste-paysagiste-kresz.fr\\\/site\\\/pour-le-jardin\\\/#breadcrumb\",\"itemListElement\":[{\"@type\":\"ListItem\",\"position\":1,\"name\":\"Accueil\",\"item\":\"https:\\\/\\\/www.pepinieriste-paysagiste-kresz.fr\\\/site\\\/landing\\\/accueil\\\/\"},{\"@type\":\"ListItem\",\"position\":2,\"name\":\"ACCESSOIRES POUR L&rsquo;AM\u00c9NAGEMENT PAYSAGER\"}]},{\"@type\":\"WebSite\",\"@id\":\"https:\\\/\\\/www.pepinieriste-paysagiste-kresz.fr\\\/site\\\/#website\",\"url\":\"https:\\\/\\\/www.pepinieriste-paysagiste-kresz.fr\\\/site\\\/\",\"name\":\"P\u00e9pini\u00e8re Kresz\",\"description\":\"paysagiste conseil vente\",\"publisher\":{\"@id\":\"https:\\\/\\\/www.pepinieriste-paysagiste-kresz.fr\\\/site\\\/#organization\"},\"potentialAction\":[{\"@type\":\"SearchAction\",\"target\":{\"@type\":\"EntryPoint\",\"urlTemplate\":\"https:\\\/\\\/www.pepinieriste-paysagiste-kresz.fr\\\/site\\\/?s={search_term_string}\"},\"query-input\":{\"@type\":\"PropertyValueSpecification\",\"valueRequired\":true,\"valueName\":\"search_term_string\"}}],\"inLanguage\":\"fr-FR\"},{\"@type\":\"Organization\",\"@id\":\"https:\\\/\\\/www.pepinieriste-paysagiste-kresz.fr\\\/site\\\/#organization\",\"name\":\"P\u00e9pini\u00e8re Kresz\",\"url\":\"https:\\\/\\\/www.pepinieriste-paysagiste-kresz.fr\\\/site\\\/\",\"logo\":{\"@type\":\"ImageObject\",\"inLanguage\":\"fr-FR\",\"@id\":\"https:\\\/\\\/www.pepinieriste-paysagiste-kresz.fr\\\/site\\\/#\\\/schema\\\/logo\\\/image\\\/\",\"url\":\"https:\\\/\\\/www.pepinieriste-paysagiste-kresz.fr\\\/site\\\/wp-content\\\/uploads\\\/2018\\\/09\\\/LOGO-KRESZ-mini.png\",\"contentUrl\":\"https:\\\/\\\/www.pepinieriste-paysagiste-kresz.fr\\\/site\\\/wp-content\\\/uploads\\\/2018\\\/09\\\/LOGO-KRESZ-mini.png\",\"width\":291,\"height\":80,\"caption\":\"P\u00e9pini\u00e8re Kresz\"},\"image\":{\"@id\":\"https:\\\/\\\/www.pepinieriste-paysagiste-kresz.fr\\\/site\\\/#\\\/schema\\\/logo\\\/image\\\/\"},\"sameAs\":[\"https:\\\/\\\/www.facebook.com\\\/P\u00e9pini\u00e8re-Kresz-348170148602816\\\/\",\"https:\\\/\\\/www.instagram.com\\\/pepinierekresz\\\/\",\"https:\\\/\\\/www.pinterest.fr\\\/pepinierekresz\\\/\"]}]}<\/script>\n<!-- \/ Yoast SEO plugin. -->","yoast_head_json":{"title":"ACCESSOIRES POUR L'AM\u00c9NAGEMENT PAYSAGER - P\u00e9pini\u00e8re Kresz","robots":{"index":"index","follow":"follow","max-snippet":"max-snippet:-1","max-image-preview":"max-image-preview:large","max-video-preview":"max-video-preview:-1"},"canonical":"https:\/\/www.pepinieriste-paysagiste-kresz.fr\/site\/pour-le-jardin\/","og_locale":"fr_FR","og_type":"article","og_title":"ACCESSOIRES POUR L'AM\u00c9NAGEMENT PAYSAGER - P\u00e9pini\u00e8re Kresz","og_description":"ACCESSOIRES POUR L&rsquo;AM\u00c9NAGEMENT PAYSAGER Toile hors sol : Utiliser en paillage, la toile hors sol avec une qualit\u00e9 de tissage qui emp\u00eache la pousse de toutes mauvaises herbes. Avec une capacit\u00e9 a laisser p\u00e9n\u00e9trer les [&hellip;]","og_url":"https:\/\/www.pepinieriste-paysagiste-kresz.fr\/site\/pour-le-jardin\/","og_site_name":"P\u00e9pini\u00e8re Kresz","article_publisher":"https:\/\/www.facebook.com\/P%c3%a9pini%c3%a8re-Kresz-348170148602816\/","article_modified_time":"2025-08-22T15:03:55+00:00","og_image":[{"width":821,"height":600,"url":"https:\/\/www.pepinieriste-paysagiste-kresz.fr\/site\/wp-content\/uploads\/2016\/02\/toile.jpg","type":"image\/jpeg"}],"twitter_card":"summary_large_image","twitter_misc":{"Dur\u00e9e de lecture estim\u00e9e":"3 minutes"},"schema":{"@context":"https:\/\/schema.org","@graph":[{"@type":"WebPage","@id":"https:\/\/www.pepinieriste-paysagiste-kresz.fr\/site\/pour-le-jardin\/","url":"https:\/\/www.pepinieriste-paysagiste-kresz.fr\/site\/pour-le-jardin\/","name":"ACCESSOIRES POUR L'AM\u00c9NAGEMENT PAYSAGER - P\u00e9pini\u00e8re Kresz","isPartOf":{"@id":"https:\/\/www.pepinieriste-paysagiste-kresz.fr\/site\/#website"},"primaryImageOfPage":{"@id":"https:\/\/www.pepinieriste-paysagiste-kresz.fr\/site\/pour-le-jardin\/#primaryimage"},"image":{"@id":"https:\/\/www.pepinieriste-paysagiste-kresz.fr\/site\/pour-le-jardin\/#primaryimage"},"thumbnailUrl":"https:\/\/www.pepinieriste-paysagiste-kresz.fr\/site\/wp-content\/uploads\/2016\/02\/toile-300x219.jpg","datePublished":"2016-02-12T20:36:00+00:00","dateModified":"2025-08-22T15:03:55+00:00","breadcrumb":{"@id":"https:\/\/www.pepinieriste-paysagiste-kresz.fr\/site\/pour-le-jardin\/#breadcrumb"},"inLanguage":"fr-FR","potentialAction":[{"@type":"ReadAction","target":["https:\/\/www.pepinieriste-paysagiste-kresz.fr\/site\/pour-le-jardin\/"]}]},{"@type":"ImageObject","inLanguage":"fr-FR","@id":"https:\/\/www.pepinieriste-paysagiste-kresz.fr\/site\/pour-le-jardin\/#primaryimage","url":"https:\/\/www.pepinieriste-paysagiste-kresz.fr\/site\/wp-content\/uploads\/2016\/02\/toile.jpg","contentUrl":"https:\/\/www.pepinieriste-paysagiste-kresz.fr\/site\/wp-content\/uploads\/2016\/02\/toile.jpg","width":821,"height":600,"caption":"Cr\u00e9ation de terrain de boule \u00e0 Allauch"},{"@type":"BreadcrumbList","@id":"https:\/\/www.pepinieriste-paysagiste-kresz.fr\/site\/pour-le-jardin\/#breadcrumb","itemListElement":[{"@type":"ListItem","position":1,"name":"Accueil","item":"https:\/\/www.pepinieriste-paysagiste-kresz.fr\/site\/landing\/accueil\/"},{"@type":"ListItem","position":2,"name":"ACCESSOIRES POUR L&rsquo;AM\u00c9NAGEMENT PAYSAGER"}]},{"@type":"WebSite","@id":"https:\/\/www.pepinieriste-paysagiste-kresz.fr\/site\/#website","url":"https:\/\/www.pepinieriste-paysagiste-kresz.fr\/site\/","name":"P\u00e9pini\u00e8re Kresz","description":"paysagiste conseil vente","publisher":{"@id":"https:\/\/www.pepinieriste-paysagiste-kresz.fr\/site\/#organization"},"potentialAction":[{"@type":"SearchAction","target":{"@type":"EntryPoint","urlTemplate":"https:\/\/www.pepinieriste-paysagiste-kresz.fr\/site\/?s={search_term_string}"},"query-input":{"@type":"PropertyValueSpecification","valueRequired":true,"valueName":"search_term_string"}}],"inLanguage":"fr-FR"},{"@type":"Organization","@id":"https:\/\/www.pepinieriste-paysagiste-kresz.fr\/site\/#organization","name":"P\u00e9pini\u00e8re Kresz","url":"https:\/\/www.pepinieriste-paysagiste-kresz.fr\/site\/","logo":{"@type":"ImageObject","inLanguage":"fr-FR","@id":"https:\/\/www.pepinieriste-paysagiste-kresz.fr\/site\/#\/schema\/logo\/image\/","url":"https:\/\/www.pepinieriste-paysagiste-kresz.fr\/site\/wp-content\/uploads\/2018\/09\/LOGO-KRESZ-mini.png","contentUrl":"https:\/\/www.pepinieriste-paysagiste-kresz.fr\/site\/wp-content\/uploads\/2018\/09\/LOGO-KRESZ-mini.png","width":291,"height":80,"caption":"P\u00e9pini\u00e8re Kresz"},"image":{"@id":"https:\/\/www.pepinieriste-paysagiste-kresz.fr\/site\/#\/schema\/logo\/image\/"},"sameAs":["https:\/\/www.facebook.com\/P\u00e9pini\u00e8re-Kresz-348170148602816\/","https:\/\/www.instagram.com\/pepinierekresz\/","https:\/\/www.pinterest.fr\/pepinierekresz\/"]}]}},"_links":{"self":[{"href":"https:\/\/www.pepinieriste-paysagiste-kresz.fr\/site\/wp-json\/wp\/v2\/pages\/285","targetHints":{"allow":["GET"]}}],"collection":[{"href":"https:\/\/www.pepinieriste-paysagiste-kresz.fr\/site\/wp-json\/wp\/v2\/pages"}],"about":[{"href":"https:\/\/www.pepinieriste-paysagiste-kresz.fr\/site\/wp-json\/wp\/v2\/types\/page"}],"author":[{"embeddable":true,"href":"https:\/\/www.pepinieriste-paysagiste-kresz.fr\/site\/wp-json\/wp\/v2\/users\/1"}],"replies":[{"embeddable":true,"href":"https:\/\/www.pepinieriste-paysagiste-kresz.fr\/site\/wp-json\/wp\/v2\/comments?post=285"}],"version-history":[{"count":0,"href":"https:\/\/www.pepinieriste-paysagiste-kresz.fr\/site\/wp-json\/wp\/v2\/pages\/285\/revisions"}],"wp:attachment":[{"href":"https:\/\/www.pepinieriste-paysagiste-kresz.fr\/site\/wp-json\/wp\/v2\/media?parent=285"}],"curies":[{"name":"wp","href":"https:\/\/api.w.org\/{rel}","templated":true}]}}