{"id":280,"date":"2016-02-12T21:25:58","date_gmt":"2016-02-12T20:25:58","guid":{"rendered":"https:\/\/www.pepinieriste-paysagiste-kresz.fr\/site\/?page_id=280"},"modified":"2025-08-22T16:09:19","modified_gmt":"2025-08-22T15:09:19","slug":"nos-mineraux","status":"publish","type":"page","link":"https:\/\/www.pepinieriste-paysagiste-kresz.fr\/site\/nos-mineraux\/","title":{"rendered":"NOS GALETS \/ GRAVIERS \/ PAILLAGES"},"content":{"rendered":"<h1><span style=\"color: #333333;\">NOS GALETS \/ GRAVIERS \/ PAILLAGES<\/span><\/h1>\n<h3><span style=\"color: #333333;\">\u00a0<\/span><\/h3>\n<h3><span style=\"color: #333333;\">Galets :<\/span><\/h3>\n<p><span style=\"color: #333333;\"><img loading=\"lazy\" decoding=\"async\" class=\"alignleft wp-image-281 size-medium\" src=\"https:\/\/www.pepinieriste-paysagiste-kresz.fr\/site\/wp-content\/uploads\/2016\/02\/galets-200x300.jpg\" alt=\"galets\" width=\"200\" height=\"300\" srcset=\"https:\/\/www.pepinieriste-paysagiste-kresz.fr\/site\/wp-content\/uploads\/2016\/02\/galets-200x300.jpg 200w, https:\/\/www.pepinieriste-paysagiste-kresz.fr\/site\/wp-content\/uploads\/2016\/02\/galets.jpg 600w\" sizes=\"auto, (max-width: 200px) 100vw, 200px\" \/>Galets d\u00e9coratifs naturels pour la r\u00e9alisation ded\u00e9cors paysagers int\u00e9rieurs ou ext\u00e9rieurs, de fontaines, de bassins aquatiques&#8230;Nous pouvons avoir sur demande du gravier roul\u00e9, des galets de couleur, du ballast, du sableet gravillons de couleur ainsi que des pas japonais.<\/span><\/p>\n<h3><span style=\"color: #333333;\">Enrochement :<\/span><\/h3>\n<p><span style=\"color: #333333;\"><img loading=\"lazy\" decoding=\"async\" class=\"alignleft wp-image-283 size-medium\" src=\"https:\/\/www.pepinieriste-paysagiste-kresz.fr\/site\/wp-content\/uploads\/2016\/02\/enrochement-200x300.jpg\" alt=\"enrochement\" width=\"200\" height=\"300\" srcset=\"https:\/\/www.pepinieriste-paysagiste-kresz.fr\/site\/wp-content\/uploads\/2016\/02\/enrochement-200x300.jpg 200w, https:\/\/www.pepinieriste-paysagiste-kresz.fr\/site\/wp-content\/uploads\/2016\/02\/enrochement.jpg 600w\" sizes=\"auto, (max-width: 200px) 100vw, 200px\" \/>En plus de sa fonction d\u00e9corative, le mur d\u2019enrochement a une fonction de sout\u00e8nement et\u00e9vite les \u00e9boulements de terrain.<\/span><\/p>\n<h3><span style=\"color: #333333;\">Sable pour terrain de boules :<\/span><\/h3>\n<p><img loading=\"lazy\" decoding=\"async\" class=\"wp-image-284 size-medium alignleft\" src=\"https:\/\/www.pepinieriste-paysagiste-kresz.fr\/site\/wp-content\/uploads\/2016\/02\/boule-300x239.jpg\" alt=\"Minolta DSC\" width=\"300\" height=\"239\" srcset=\"https:\/\/www.pepinieriste-paysagiste-kresz.fr\/site\/wp-content\/uploads\/2016\/02\/boule-300x239.jpg 300w, https:\/\/www.pepinieriste-paysagiste-kresz.fr\/site\/wp-content\/uploads\/2016\/02\/boule-768x611.jpg 768w, https:\/\/www.pepinieriste-paysagiste-kresz.fr\/site\/wp-content\/uploads\/2016\/02\/boule.jpg 800w\" sizes=\"auto, (max-width: 300px) 100vw, 300px\" \/><\/p>\n<p><span style=\"color: #333333;\">Id\u00e9al pour terrain de boule, bac \u00e0 sable pour enfants&#8230;<\/span><\/p>\n<h3><\/h3>\n<h3><\/h3>\n<h3><\/h3>\n<h3><\/h3>\n<h3><span style=\"color: #333333;\">Egalement disponible sur commande:<\/span><\/h3>\n<p><span style=\"color: #333333;\">Gravillons de couleur, galets de marbre, ballast, pas japonais et pierres \u00e0 b\u00e2tir&#8230;<\/span><\/p>\n","protected":false},"excerpt":{"rendered":"<p>NOS GALETS \/ GRAVIERS \/ PAILLAGES \u00a0 Galets : Galets d\u00e9coratifs naturels pour la r\u00e9alisation ded\u00e9cors paysagers int\u00e9rieurs ou ext\u00e9rieurs, de fontaines, de bassins aquatiques&#8230;Nous pouvons avoir sur demande du gravier roul\u00e9, des galets de [&hellip;]<\/p>\n","protected":false},"author":1,"featured_media":0,"parent":0,"menu_order":0,"comment_status":"closed","ping_status":"closed","template":"","meta":[],"class_list":["post-280","page","type-page","status-publish","hentry"],"yoast_head":"<!-- This site is optimized with the Yoast SEO plugin v27.5 - https:\/\/yoast.com\/product\/yoast-seo-wordpress\/ -->\n<title>NOS GALETS \/ GRAVIERS \/ PAILLAGES - P\u00e9pini\u00e8re Kresz<\/title>\n<meta name=\"robots\" content=\"index, follow, max-snippet:-1, max-image-preview:large, max-video-preview:-1\" \/>\n<link rel=\"canonical\" href=\"https:\/\/www.pepinieriste-paysagiste-kresz.fr\/site\/nos-mineraux\/\" \/>\n<meta property=\"og:locale\" content=\"fr_FR\" \/>\n<meta property=\"og:type\" content=\"article\" \/>\n<meta property=\"og:title\" content=\"NOS GALETS \/ GRAVIERS \/ PAILLAGES - P\u00e9pini\u00e8re Kresz\" \/>\n<meta property=\"og:description\" content=\"NOS GALETS \/ GRAVIERS \/ PAILLAGES \u00a0 Galets : Galets d\u00e9coratifs naturels pour la r\u00e9alisation ded\u00e9cors paysagers int\u00e9rieurs ou ext\u00e9rieurs, de fontaines, de bassins aquatiques&#8230;Nous pouvons avoir sur demande du gravier roul\u00e9, des galets de [&hellip;]\" \/>\n<meta property=\"og:url\" content=\"https:\/\/www.pepinieriste-paysagiste-kresz.fr\/site\/nos-mineraux\/\" \/>\n<meta property=\"og:site_name\" content=\"P\u00e9pini\u00e8re Kresz\" \/>\n<meta property=\"article:publisher\" content=\"https:\/\/www.facebook.com\/P%c3%a9pini%c3%a8re-Kresz-348170148602816\/\" \/>\n<meta property=\"article:modified_time\" content=\"2025-08-22T15:09:19+00:00\" \/>\n<meta property=\"og:image\" content=\"https:\/\/www.pepinieriste-paysagiste-kresz.fr\/site\/wp-content\/uploads\/2016\/02\/galets.jpg\" \/>\n\t<meta property=\"og:image:width\" content=\"600\" \/>\n\t<meta property=\"og:image:height\" content=\"900\" \/>\n\t<meta property=\"og:image:type\" content=\"image\/jpeg\" \/>\n<meta name=\"twitter:card\" content=\"summary_large_image\" \/>\n<meta name=\"twitter:label1\" content=\"Dur\u00e9e de lecture estim\u00e9e\" \/>\n\t<meta name=\"twitter:data1\" content=\"2 minutes\" \/>\n<script type=\"application\/ld+json\" class=\"yoast-schema-graph\">{\"@context\":\"https:\\\/\\\/schema.org\",\"@graph\":[{\"@type\":\"WebPage\",\"@id\":\"https:\\\/\\\/www.pepinieriste-paysagiste-kresz.fr\\\/site\\\/nos-mineraux\\\/\",\"url\":\"https:\\\/\\\/www.pepinieriste-paysagiste-kresz.fr\\\/site\\\/nos-mineraux\\\/\",\"name\":\"NOS GALETS \\\/ GRAVIERS \\\/ PAILLAGES - P\u00e9pini\u00e8re Kresz\",\"isPartOf\":{\"@id\":\"https:\\\/\\\/www.pepinieriste-paysagiste-kresz.fr\\\/site\\\/#website\"},\"primaryImageOfPage\":{\"@id\":\"https:\\\/\\\/www.pepinieriste-paysagiste-kresz.fr\\\/site\\\/nos-mineraux\\\/#primaryimage\"},\"image\":{\"@id\":\"https:\\\/\\\/www.pepinieriste-paysagiste-kresz.fr\\\/site\\\/nos-mineraux\\\/#primaryimage\"},\"thumbnailUrl\":\"https:\\\/\\\/www.pepinieriste-paysagiste-kresz.fr\\\/site\\\/wp-content\\\/uploads\\\/2016\\\/02\\\/galets-200x300.jpg\",\"datePublished\":\"2016-02-12T20:25:58+00:00\",\"dateModified\":\"2025-08-22T15:09:19+00:00\",\"breadcrumb\":{\"@id\":\"https:\\\/\\\/www.pepinieriste-paysagiste-kresz.fr\\\/site\\\/nos-mineraux\\\/#breadcrumb\"},\"inLanguage\":\"fr-FR\",\"potentialAction\":[{\"@type\":\"ReadAction\",\"target\":[\"https:\\\/\\\/www.pepinieriste-paysagiste-kresz.fr\\\/site\\\/nos-mineraux\\\/\"]}]},{\"@type\":\"ImageObject\",\"inLanguage\":\"fr-FR\",\"@id\":\"https:\\\/\\\/www.pepinieriste-paysagiste-kresz.fr\\\/site\\\/nos-mineraux\\\/#primaryimage\",\"url\":\"https:\\\/\\\/www.pepinieriste-paysagiste-kresz.fr\\\/site\\\/wp-content\\\/uploads\\\/2016\\\/02\\\/galets.jpg\",\"contentUrl\":\"https:\\\/\\\/www.pepinieriste-paysagiste-kresz.fr\\\/site\\\/wp-content\\\/uploads\\\/2016\\\/02\\\/galets.jpg\",\"width\":600,\"height\":900,\"caption\":\"D\u00e9broussaillage \u00e0 Trets\"},{\"@type\":\"BreadcrumbList\",\"@id\":\"https:\\\/\\\/www.pepinieriste-paysagiste-kresz.fr\\\/site\\\/nos-mineraux\\\/#breadcrumb\",\"itemListElement\":[{\"@type\":\"ListItem\",\"position\":1,\"name\":\"Accueil\",\"item\":\"https:\\\/\\\/www.pepinieriste-paysagiste-kresz.fr\\\/site\\\/landing\\\/accueil\\\/\"},{\"@type\":\"ListItem\",\"position\":2,\"name\":\"NOS GALETS \\\/ GRAVIERS \\\/ PAILLAGES\"}]},{\"@type\":\"WebSite\",\"@id\":\"https:\\\/\\\/www.pepinieriste-paysagiste-kresz.fr\\\/site\\\/#website\",\"url\":\"https:\\\/\\\/www.pepinieriste-paysagiste-kresz.fr\\\/site\\\/\",\"name\":\"P\u00e9pini\u00e8re Kresz\",\"description\":\"paysagiste conseil vente\",\"publisher\":{\"@id\":\"https:\\\/\\\/www.pepinieriste-paysagiste-kresz.fr\\\/site\\\/#organization\"},\"potentialAction\":[{\"@type\":\"SearchAction\",\"target\":{\"@type\":\"EntryPoint\",\"urlTemplate\":\"https:\\\/\\\/www.pepinieriste-paysagiste-kresz.fr\\\/site\\\/?s={search_term_string}\"},\"query-input\":{\"@type\":\"PropertyValueSpecification\",\"valueRequired\":true,\"valueName\":\"search_term_string\"}}],\"inLanguage\":\"fr-FR\"},{\"@type\":\"Organization\",\"@id\":\"https:\\\/\\\/www.pepinieriste-paysagiste-kresz.fr\\\/site\\\/#organization\",\"name\":\"P\u00e9pini\u00e8re Kresz\",\"url\":\"https:\\\/\\\/www.pepinieriste-paysagiste-kresz.fr\\\/site\\\/\",\"logo\":{\"@type\":\"ImageObject\",\"inLanguage\":\"fr-FR\",\"@id\":\"https:\\\/\\\/www.pepinieriste-paysagiste-kresz.fr\\\/site\\\/#\\\/schema\\\/logo\\\/image\\\/\",\"url\":\"https:\\\/\\\/www.pepinieriste-paysagiste-kresz.fr\\\/site\\\/wp-content\\\/uploads\\\/2018\\\/09\\\/LOGO-KRESZ-mini.png\",\"contentUrl\":\"https:\\\/\\\/www.pepinieriste-paysagiste-kresz.fr\\\/site\\\/wp-content\\\/uploads\\\/2018\\\/09\\\/LOGO-KRESZ-mini.png\",\"width\":291,\"height\":80,\"caption\":\"P\u00e9pini\u00e8re Kresz\"},\"image\":{\"@id\":\"https:\\\/\\\/www.pepinieriste-paysagiste-kresz.fr\\\/site\\\/#\\\/schema\\\/logo\\\/image\\\/\"},\"sameAs\":[\"https:\\\/\\\/www.facebook.com\\\/P\u00e9pini\u00e8re-Kresz-348170148602816\\\/\",\"https:\\\/\\\/www.instagram.com\\\/pepinierekresz\\\/\",\"https:\\\/\\\/www.pinterest.fr\\\/pepinierekresz\\\/\"]}]}<\/script>\n<!-- \/ Yoast SEO plugin. -->","yoast_head_json":{"title":"NOS GALETS \/ GRAVIERS \/ PAILLAGES - P\u00e9pini\u00e8re Kresz","robots":{"index":"index","follow":"follow","max-snippet":"max-snippet:-1","max-image-preview":"max-image-preview:large","max-video-preview":"max-video-preview:-1"},"canonical":"https:\/\/www.pepinieriste-paysagiste-kresz.fr\/site\/nos-mineraux\/","og_locale":"fr_FR","og_type":"article","og_title":"NOS GALETS \/ GRAVIERS \/ PAILLAGES - P\u00e9pini\u00e8re Kresz","og_description":"NOS GALETS \/ GRAVIERS \/ PAILLAGES \u00a0 Galets : Galets d\u00e9coratifs naturels pour la r\u00e9alisation ded\u00e9cors paysagers int\u00e9rieurs ou ext\u00e9rieurs, de fontaines, de bassins aquatiques&#8230;Nous pouvons avoir sur demande du gravier roul\u00e9, des galets de [&hellip;]","og_url":"https:\/\/www.pepinieriste-paysagiste-kresz.fr\/site\/nos-mineraux\/","og_site_name":"P\u00e9pini\u00e8re Kresz","article_publisher":"https:\/\/www.facebook.com\/P%c3%a9pini%c3%a8re-Kresz-348170148602816\/","article_modified_time":"2025-08-22T15:09:19+00:00","og_image":[{"width":600,"height":900,"url":"https:\/\/www.pepinieriste-paysagiste-kresz.fr\/site\/wp-content\/uploads\/2016\/02\/galets.jpg","type":"image\/jpeg"}],"twitter_card":"summary_large_image","twitter_misc":{"Dur\u00e9e de lecture estim\u00e9e":"2 minutes"},"schema":{"@context":"https:\/\/schema.org","@graph":[{"@type":"WebPage","@id":"https:\/\/www.pepinieriste-paysagiste-kresz.fr\/site\/nos-mineraux\/","url":"https:\/\/www.pepinieriste-paysagiste-kresz.fr\/site\/nos-mineraux\/","name":"NOS GALETS \/ GRAVIERS \/ PAILLAGES - P\u00e9pini\u00e8re Kresz","isPartOf":{"@id":"https:\/\/www.pepinieriste-paysagiste-kresz.fr\/site\/#website"},"primaryImageOfPage":{"@id":"https:\/\/www.pepinieriste-paysagiste-kresz.fr\/site\/nos-mineraux\/#primaryimage"},"image":{"@id":"https:\/\/www.pepinieriste-paysagiste-kresz.fr\/site\/nos-mineraux\/#primaryimage"},"thumbnailUrl":"https:\/\/www.pepinieriste-paysagiste-kresz.fr\/site\/wp-content\/uploads\/2016\/02\/galets-200x300.jpg","datePublished":"2016-02-12T20:25:58+00:00","dateModified":"2025-08-22T15:09:19+00:00","breadcrumb":{"@id":"https:\/\/www.pepinieriste-paysagiste-kresz.fr\/site\/nos-mineraux\/#breadcrumb"},"inLanguage":"fr-FR","potentialAction":[{"@type":"ReadAction","target":["https:\/\/www.pepinieriste-paysagiste-kresz.fr\/site\/nos-mineraux\/"]}]},{"@type":"ImageObject","inLanguage":"fr-FR","@id":"https:\/\/www.pepinieriste-paysagiste-kresz.fr\/site\/nos-mineraux\/#primaryimage","url":"https:\/\/www.pepinieriste-paysagiste-kresz.fr\/site\/wp-content\/uploads\/2016\/02\/galets.jpg","contentUrl":"https:\/\/www.pepinieriste-paysagiste-kresz.fr\/site\/wp-content\/uploads\/2016\/02\/galets.jpg","width":600,"height":900,"caption":"D\u00e9broussaillage \u00e0 Trets"},{"@type":"BreadcrumbList","@id":"https:\/\/www.pepinieriste-paysagiste-kresz.fr\/site\/nos-mineraux\/#breadcrumb","itemListElement":[{"@type":"ListItem","position":1,"name":"Accueil","item":"https:\/\/www.pepinieriste-paysagiste-kresz.fr\/site\/landing\/accueil\/"},{"@type":"ListItem","position":2,"name":"NOS GALETS \/ GRAVIERS \/ PAILLAGES"}]},{"@type":"WebSite","@id":"https:\/\/www.pepinieriste-paysagiste-kresz.fr\/site\/#website","url":"https:\/\/www.pepinieriste-paysagiste-kresz.fr\/site\/","name":"P\u00e9pini\u00e8re Kresz","description":"paysagiste conseil vente","publisher":{"@id":"https:\/\/www.pepinieriste-paysagiste-kresz.fr\/site\/#organization"},"potentialAction":[{"@type":"SearchAction","target":{"@type":"EntryPoint","urlTemplate":"https:\/\/www.pepinieriste-paysagiste-kresz.fr\/site\/?s={search_term_string}"},"query-input":{"@type":"PropertyValueSpecification","valueRequired":true,"valueName":"search_term_string"}}],"inLanguage":"fr-FR"},{"@type":"Organization","@id":"https:\/\/www.pepinieriste-paysagiste-kresz.fr\/site\/#organization","name":"P\u00e9pini\u00e8re Kresz","url":"https:\/\/www.pepinieriste-paysagiste-kresz.fr\/site\/","logo":{"@type":"ImageObject","inLanguage":"fr-FR","@id":"https:\/\/www.pepinieriste-paysagiste-kresz.fr\/site\/#\/schema\/logo\/image\/","url":"https:\/\/www.pepinieriste-paysagiste-kresz.fr\/site\/wp-content\/uploads\/2018\/09\/LOGO-KRESZ-mini.png","contentUrl":"https:\/\/www.pepinieriste-paysagiste-kresz.fr\/site\/wp-content\/uploads\/2018\/09\/LOGO-KRESZ-mini.png","width":291,"height":80,"caption":"P\u00e9pini\u00e8re Kresz"},"image":{"@id":"https:\/\/www.pepinieriste-paysagiste-kresz.fr\/site\/#\/schema\/logo\/image\/"},"sameAs":["https:\/\/www.facebook.com\/P\u00e9pini\u00e8re-Kresz-348170148602816\/","https:\/\/www.instagram.com\/pepinierekresz\/","https:\/\/www.pinterest.fr\/pepinierekresz\/"]}]}},"_links":{"self":[{"href":"https:\/\/www.pepinieriste-paysagiste-kresz.fr\/site\/wp-json\/wp\/v2\/pages\/280","targetHints":{"allow":["GET"]}}],"collection":[{"href":"https:\/\/www.pepinieriste-paysagiste-kresz.fr\/site\/wp-json\/wp\/v2\/pages"}],"about":[{"href":"https:\/\/www.pepinieriste-paysagiste-kresz.fr\/site\/wp-json\/wp\/v2\/types\/page"}],"author":[{"embeddable":true,"href":"https:\/\/www.pepinieriste-paysagiste-kresz.fr\/site\/wp-json\/wp\/v2\/users\/1"}],"replies":[{"embeddable":true,"href":"https:\/\/www.pepinieriste-paysagiste-kresz.fr\/site\/wp-json\/wp\/v2\/comments?post=280"}],"version-history":[{"count":0,"href":"https:\/\/www.pepinieriste-paysagiste-kresz.fr\/site\/wp-json\/wp\/v2\/pages\/280\/revisions"}],"wp:attachment":[{"href":"https:\/\/www.pepinieriste-paysagiste-kresz.fr\/site\/wp-json\/wp\/v2\/media?parent=280"}],"curies":[{"name":"wp","href":"https:\/\/api.w.org\/{rel}","templated":true}]}}