{"id":269,"date":"2016-02-12T21:08:25","date_gmt":"2016-02-12T20:08:25","guid":{"rendered":"https:\/\/www.pepinieriste-paysagiste-kresz.fr\/site\/?page_id=269"},"modified":"2025-08-22T16:18:40","modified_gmt":"2025-08-22T15:18:40","slug":"nos-terreaux","status":"publish","type":"page","link":"https:\/\/www.pepinieriste-paysagiste-kresz.fr\/site\/nos-terreaux\/","title":{"rendered":"NOS TERREAUX"},"content":{"rendered":"<h1><span style=\"color: #000000;\">NOS TERREAUX<\/span><\/h1>\n<h3 style=\"text-align: left;\"><span style=\"color: #000000;\">Terreau horticole :<\/span><\/h3>\n<p><span style=\"color: #000000;\"><img loading=\"lazy\" decoding=\"async\" class=\"wp-image-446 size-full alignleft\" src=\"https:\/\/www.pepinieriste-paysagiste-kresz.fr\/site\/wp-content\/uploads\/2016\/02\/Terreaux-horticole-1.jpg\" alt=\"\" width=\"150\" height=\"200\"><\/span><\/p>\n<p><span style=\"color: #000000;\">Convient pour les plantes fleuries, en pot, pour les plantes \u00e0 balcon, mais aussi pour les arbustes et plantes vivaces, am\u00e9liore les sols des parterres et massifs.<\/span><\/p>\n<p><span style=\"color: #000000;\">En sac de 20L ou 40L.<\/span><\/p>\n<p>&nbsp;<\/p>\n<p>&nbsp;<\/p>\n<p>&nbsp;<\/p>\n<p>&nbsp;<\/p>\n<h3 style=\"text-align: left;\"><span style=\"color: #000000;\">Terreau Universel&nbsp;: <\/span><\/h3>\n<p><span style=\"color: #000000;\"><img loading=\"lazy\" decoding=\"async\" class=\"size-full wp-image-450 alignleft\" src=\"https:\/\/www.pepinieriste-paysagiste-kresz.fr\/site\/wp-content\/uploads\/2016\/02\/TERREAU-UNIVERSEL-1.jpg\" alt=\"TERREAU-UNIVERSEL\" width=\"150\" height=\"200\"><\/span><\/p>\n<p><span style=\"color: #000000;\">Rempotage et plantation de fleurs et l\u00e9gumes, arbustes en pots ou en terre, convient \u00e0 tous types de plantes, terreau pr\u00eat \u00e0 l\u2019emploi.<\/span><br \/>\n<span style=\"color: #000000;\"> En sac de 50L.<\/span><\/p>\n<p>&nbsp;<\/p>\n<p>&nbsp;<\/p>\n<p>&nbsp;<\/p>\n<p>&nbsp;<\/p>\n<p>&nbsp;<\/p>\n<h3 style=\"text-align: left;\"><span style=\"color: #000000;\">Terreau professionnel&nbsp;:<\/span><\/h3>\n<p><span style=\"color: #000000;\"><img loading=\"lazy\" decoding=\"async\" class=\"size-full wp-image-451 alignleft\" src=\"https:\/\/www.pepinieriste-paysagiste-kresz.fr\/site\/wp-content\/uploads\/2016\/02\/AGRI-OR-1.jpg\" alt=\"AGRI-OR\" width=\"150\" height=\"200\"><\/span><\/p>\n<p><span style=\"color: #000000;\">Pour semis et boutures, facilit\u00e9 le d\u00e9veloppement racinaires des boutures et de v\u00e9g\u00e9taux.<\/span><br \/>\n<span style=\"color: #000000;\"> Pr\u00eat \u00e0 l\u2019emploi pour les jeunes plants au premier stade de croissance.<\/span><br \/>\n<span style=\"color: #000000;\"> En sac de 70L.<\/span><\/p>\n<p>&nbsp;<\/p>\n<p>&nbsp;<\/p>\n<p>&nbsp;<\/p>\n<p>&nbsp;<\/p>\n<p>&nbsp;<\/p>\n<h3><span style=\"color: #000000;\">Terre de Bruy\u00e8re :<\/span><\/h3>\n<p><span style=\"color: #000000;\"><img loading=\"lazy\" decoding=\"async\" class=\"wp-image-448 size-full alignleft\" src=\"https:\/\/www.pepinieriste-paysagiste-kresz.fr\/site\/wp-content\/uploads\/2016\/02\/TERRE-DE-BRUYERE-1.jpg\" alt=\"\" width=\"150\" height=\"200\"><\/span><\/p>\n<p><span style=\"color: #000000;\">V\u00e9ritable terre de bruy\u00e8re d\u2019origine foresti\u00e8re de sologne<\/span><br \/>\n<span style=\"color: #000000;\"> Pour plantation et bonne reprise des plantes, PH acide et r\u00e9tention en eau.<\/span><br \/>\n<span style=\"color: #000000;\"> Riche en tourbe, favorise l\u2019enracinement, l\u2019\u00e9corce compost\u00e9e dans le produit assure un drainage afin d\u2019\u00e9viter l\u2019asphyxie des racines.<\/span><br \/>\n<span style=\"color: #000000;\"> En sac de 20L.<\/span><\/p>\n<p>&nbsp;<\/p>\n<p>&nbsp;<\/p>\n<p>&nbsp;<\/p>\n<p>&nbsp;<\/p>\n<h3><span style=\"color: #000000;\">Fumier de cheval :<\/span><\/h3>\n<p><span style=\"color: #000000;\"><img loading=\"lazy\" decoding=\"async\" class=\"wp-image-449 size-full alignleft\" src=\"https:\/\/www.pepinieriste-paysagiste-kresz.fr\/site\/wp-content\/uploads\/2016\/02\/COMPOST-1.jpg\" alt=\"\" width=\"150\" height=\"200\"><\/span><\/p>\n<p><span style=\"color: #000000;\">Fumier compost\u00e9 entre 12 \u00e0 14 mois, enrichi algues marines apportant du magn\u00e9sium et calcium.<\/span><br \/>\n<span style=\"color: #000000;\"> Convient pour toutes cultures.<\/span><br \/>\n<span style=\"color: #000000;\"> En sac de 25KG.<\/span><\/p>\n<p>&nbsp;<\/p>\n<p>&nbsp;<\/p>\n<p>&nbsp;<\/p>\n<p>&nbsp;<\/p>\n<p>&nbsp;<\/p>\n<h3><span style=\"color: #000000;\">M\u00e9lange terreau :<\/span><\/h3>\n<p><span style=\"color: #000000;\"><img loading=\"lazy\" decoding=\"async\" class=\"alignleft wp-image-274 size-medium\" src=\"https:\/\/www.pepinieriste-paysagiste-kresz.fr\/site\/wp-content\/uploads\/2016\/02\/fumier-gd-300x225.jpg\" alt=\"fumier-gd\" width=\"300\" height=\"225\" srcset=\"https:\/\/www.pepinieriste-paysagiste-kresz.fr\/site\/wp-content\/uploads\/2016\/02\/fumier-gd-300x225.jpg 300w, https:\/\/www.pepinieriste-paysagiste-kresz.fr\/site\/wp-content\/uploads\/2016\/02\/fumier-gd-768x576.jpg 768w, https:\/\/www.pepinieriste-paysagiste-kresz.fr\/site\/wp-content\/uploads\/2016\/02\/fumier-gd.jpg 800w\" sizes=\"auto, (max-width: 300px) 100vw, 300px\" \/>Notre m\u00e9lange terreau comprenant terre v\u00e9g\u00e9tale, terreau, compost, fumier de cheval engrais id\u00e9ale pour toutes plantations. Commercialis\u00e9 en vrac, tarif \u00e9conomique.<\/span><\/p>\n<p>&nbsp;<\/p>\n<p>&nbsp;<\/p>\n<p>&nbsp;<\/p>\n<p>&nbsp;<\/p>\n<p>&nbsp;<\/p>\n<p>&nbsp;<\/p>\n<h3><span style=\"color: #000000;\">Terre v\u00e9g\u00e9tale :&nbsp;<\/span><\/h3>\n<p><span style=\"color: #000000;\">Sa d\u00e9composition lente d\u00e9livre aux racines des plantes de l&rsquo;azote, du phosphore et tous les \u00e9l\u00e9ments nutritifs indispensables \u00e0 la croissance des v\u00e9g\u00e9taux. Commercialis\u00e9e en vrac, tarif \u00e9conomique.<\/span><\/p>\n","protected":false},"excerpt":{"rendered":"<p>NOS TERREAUX Terreau horticole : Convient pour les plantes fleuries, en pot, pour les plantes \u00e0 balcon, mais aussi pour les arbustes et plantes vivaces, am\u00e9liore les sols des parterres et massifs. En sac de [&hellip;]<\/p>\n","protected":false},"author":1,"featured_media":0,"parent":0,"menu_order":0,"comment_status":"closed","ping_status":"closed","template":"","meta":[],"class_list":["post-269","page","type-page","status-publish","hentry"],"yoast_head":"<!-- This site is optimized with the Yoast SEO plugin v27.5 - https:\/\/yoast.com\/product\/yoast-seo-wordpress\/ -->\n<title>NOS TERREAUX - P\u00e9pini\u00e8re Kresz<\/title>\n<meta name=\"robots\" content=\"index, follow, max-snippet:-1, max-image-preview:large, max-video-preview:-1\" \/>\n<link rel=\"canonical\" href=\"https:\/\/www.pepinieriste-paysagiste-kresz.fr\/site\/nos-terreaux\/\" \/>\n<meta property=\"og:locale\" content=\"fr_FR\" \/>\n<meta property=\"og:type\" content=\"article\" \/>\n<meta property=\"og:title\" content=\"NOS TERREAUX - P\u00e9pini\u00e8re Kresz\" \/>\n<meta property=\"og:description\" content=\"NOS TERREAUX Terreau horticole : Convient pour les plantes fleuries, en pot, pour les plantes \u00e0 balcon, mais aussi pour les arbustes et plantes vivaces, am\u00e9liore les sols des parterres et massifs. En sac de [&hellip;]\" \/>\n<meta property=\"og:url\" content=\"https:\/\/www.pepinieriste-paysagiste-kresz.fr\/site\/nos-terreaux\/\" \/>\n<meta property=\"og:site_name\" content=\"P\u00e9pini\u00e8re Kresz\" \/>\n<meta property=\"article:publisher\" content=\"https:\/\/www.facebook.com\/P%c3%a9pini%c3%a8re-Kresz-348170148602816\/\" \/>\n<meta property=\"article:modified_time\" content=\"2025-08-22T15:18:40+00:00\" \/>\n<meta property=\"og:image\" content=\"https:\/\/www.pepinieriste-paysagiste-kresz.fr\/site\/wp-content\/uploads\/2016\/02\/Terreaux-horticole-1.jpg\" \/>\n\t<meta property=\"og:image:width\" content=\"150\" \/>\n\t<meta property=\"og:image:height\" content=\"200\" \/>\n\t<meta property=\"og:image:type\" content=\"image\/jpeg\" \/>\n<meta name=\"twitter:card\" content=\"summary_large_image\" \/>\n<meta name=\"twitter:label1\" content=\"Dur\u00e9e de lecture estim\u00e9e\" \/>\n\t<meta name=\"twitter:data1\" content=\"3 minutes\" \/>\n<script type=\"application\/ld+json\" class=\"yoast-schema-graph\">{\"@context\":\"https:\\\/\\\/schema.org\",\"@graph\":[{\"@type\":\"WebPage\",\"@id\":\"https:\\\/\\\/www.pepinieriste-paysagiste-kresz.fr\\\/site\\\/nos-terreaux\\\/\",\"url\":\"https:\\\/\\\/www.pepinieriste-paysagiste-kresz.fr\\\/site\\\/nos-terreaux\\\/\",\"name\":\"NOS TERREAUX - P\u00e9pini\u00e8re Kresz\",\"isPartOf\":{\"@id\":\"https:\\\/\\\/www.pepinieriste-paysagiste-kresz.fr\\\/site\\\/#website\"},\"primaryImageOfPage\":{\"@id\":\"https:\\\/\\\/www.pepinieriste-paysagiste-kresz.fr\\\/site\\\/nos-terreaux\\\/#primaryimage\"},\"image\":{\"@id\":\"https:\\\/\\\/www.pepinieriste-paysagiste-kresz.fr\\\/site\\\/nos-terreaux\\\/#primaryimage\"},\"thumbnailUrl\":\"https:\\\/\\\/www.pepinieriste-paysagiste-kresz.fr\\\/site\\\/wp-content\\\/uploads\\\/2016\\\/02\\\/Terreaux-horticole-1.jpg\",\"datePublished\":\"2016-02-12T20:08:25+00:00\",\"dateModified\":\"2025-08-22T15:18:40+00:00\",\"breadcrumb\":{\"@id\":\"https:\\\/\\\/www.pepinieriste-paysagiste-kresz.fr\\\/site\\\/nos-terreaux\\\/#breadcrumb\"},\"inLanguage\":\"fr-FR\",\"potentialAction\":[{\"@type\":\"ReadAction\",\"target\":[\"https:\\\/\\\/www.pepinieriste-paysagiste-kresz.fr\\\/site\\\/nos-terreaux\\\/\"]}]},{\"@type\":\"ImageObject\",\"inLanguage\":\"fr-FR\",\"@id\":\"https:\\\/\\\/www.pepinieriste-paysagiste-kresz.fr\\\/site\\\/nos-terreaux\\\/#primaryimage\",\"url\":\"https:\\\/\\\/www.pepinieriste-paysagiste-kresz.fr\\\/site\\\/wp-content\\\/uploads\\\/2016\\\/02\\\/Terreaux-horticole-1.jpg\",\"contentUrl\":\"https:\\\/\\\/www.pepinieriste-paysagiste-kresz.fr\\\/site\\\/wp-content\\\/uploads\\\/2016\\\/02\\\/Terreaux-horticole-1.jpg\",\"width\":150,\"height\":200,\"caption\":\"Pr\u00e9paration du sol et pose de gazon en plaque ou sem\u00e9e \u00e0 Brignoles\"},{\"@type\":\"BreadcrumbList\",\"@id\":\"https:\\\/\\\/www.pepinieriste-paysagiste-kresz.fr\\\/site\\\/nos-terreaux\\\/#breadcrumb\",\"itemListElement\":[{\"@type\":\"ListItem\",\"position\":1,\"name\":\"Accueil\",\"item\":\"https:\\\/\\\/www.pepinieriste-paysagiste-kresz.fr\\\/site\\\/landing\\\/accueil\\\/\"},{\"@type\":\"ListItem\",\"position\":2,\"name\":\"NOS TERREAUX\"}]},{\"@type\":\"WebSite\",\"@id\":\"https:\\\/\\\/www.pepinieriste-paysagiste-kresz.fr\\\/site\\\/#website\",\"url\":\"https:\\\/\\\/www.pepinieriste-paysagiste-kresz.fr\\\/site\\\/\",\"name\":\"P\u00e9pini\u00e8re Kresz\",\"description\":\"paysagiste conseil vente\",\"publisher\":{\"@id\":\"https:\\\/\\\/www.pepinieriste-paysagiste-kresz.fr\\\/site\\\/#organization\"},\"potentialAction\":[{\"@type\":\"SearchAction\",\"target\":{\"@type\":\"EntryPoint\",\"urlTemplate\":\"https:\\\/\\\/www.pepinieriste-paysagiste-kresz.fr\\\/site\\\/?s={search_term_string}\"},\"query-input\":{\"@type\":\"PropertyValueSpecification\",\"valueRequired\":true,\"valueName\":\"search_term_string\"}}],\"inLanguage\":\"fr-FR\"},{\"@type\":\"Organization\",\"@id\":\"https:\\\/\\\/www.pepinieriste-paysagiste-kresz.fr\\\/site\\\/#organization\",\"name\":\"P\u00e9pini\u00e8re Kresz\",\"url\":\"https:\\\/\\\/www.pepinieriste-paysagiste-kresz.fr\\\/site\\\/\",\"logo\":{\"@type\":\"ImageObject\",\"inLanguage\":\"fr-FR\",\"@id\":\"https:\\\/\\\/www.pepinieriste-paysagiste-kresz.fr\\\/site\\\/#\\\/schema\\\/logo\\\/image\\\/\",\"url\":\"https:\\\/\\\/www.pepinieriste-paysagiste-kresz.fr\\\/site\\\/wp-content\\\/uploads\\\/2018\\\/09\\\/LOGO-KRESZ-mini.png\",\"contentUrl\":\"https:\\\/\\\/www.pepinieriste-paysagiste-kresz.fr\\\/site\\\/wp-content\\\/uploads\\\/2018\\\/09\\\/LOGO-KRESZ-mini.png\",\"width\":291,\"height\":80,\"caption\":\"P\u00e9pini\u00e8re Kresz\"},\"image\":{\"@id\":\"https:\\\/\\\/www.pepinieriste-paysagiste-kresz.fr\\\/site\\\/#\\\/schema\\\/logo\\\/image\\\/\"},\"sameAs\":[\"https:\\\/\\\/www.facebook.com\\\/P\u00e9pini\u00e8re-Kresz-348170148602816\\\/\",\"https:\\\/\\\/www.instagram.com\\\/pepinierekresz\\\/\",\"https:\\\/\\\/www.pinterest.fr\\\/pepinierekresz\\\/\"]}]}<\/script>\n<!-- \/ Yoast SEO plugin. -->","yoast_head_json":{"title":"NOS TERREAUX - P\u00e9pini\u00e8re Kresz","robots":{"index":"index","follow":"follow","max-snippet":"max-snippet:-1","max-image-preview":"max-image-preview:large","max-video-preview":"max-video-preview:-1"},"canonical":"https:\/\/www.pepinieriste-paysagiste-kresz.fr\/site\/nos-terreaux\/","og_locale":"fr_FR","og_type":"article","og_title":"NOS TERREAUX - P\u00e9pini\u00e8re Kresz","og_description":"NOS TERREAUX Terreau horticole : Convient pour les plantes fleuries, en pot, pour les plantes \u00e0 balcon, mais aussi pour les arbustes et plantes vivaces, am\u00e9liore les sols des parterres et massifs. En sac de [&hellip;]","og_url":"https:\/\/www.pepinieriste-paysagiste-kresz.fr\/site\/nos-terreaux\/","og_site_name":"P\u00e9pini\u00e8re Kresz","article_publisher":"https:\/\/www.facebook.com\/P%c3%a9pini%c3%a8re-Kresz-348170148602816\/","article_modified_time":"2025-08-22T15:18:40+00:00","og_image":[{"width":150,"height":200,"url":"https:\/\/www.pepinieriste-paysagiste-kresz.fr\/site\/wp-content\/uploads\/2016\/02\/Terreaux-horticole-1.jpg","type":"image\/jpeg"}],"twitter_card":"summary_large_image","twitter_misc":{"Dur\u00e9e de lecture estim\u00e9e":"3 minutes"},"schema":{"@context":"https:\/\/schema.org","@graph":[{"@type":"WebPage","@id":"https:\/\/www.pepinieriste-paysagiste-kresz.fr\/site\/nos-terreaux\/","url":"https:\/\/www.pepinieriste-paysagiste-kresz.fr\/site\/nos-terreaux\/","name":"NOS TERREAUX - P\u00e9pini\u00e8re Kresz","isPartOf":{"@id":"https:\/\/www.pepinieriste-paysagiste-kresz.fr\/site\/#website"},"primaryImageOfPage":{"@id":"https:\/\/www.pepinieriste-paysagiste-kresz.fr\/site\/nos-terreaux\/#primaryimage"},"image":{"@id":"https:\/\/www.pepinieriste-paysagiste-kresz.fr\/site\/nos-terreaux\/#primaryimage"},"thumbnailUrl":"https:\/\/www.pepinieriste-paysagiste-kresz.fr\/site\/wp-content\/uploads\/2016\/02\/Terreaux-horticole-1.jpg","datePublished":"2016-02-12T20:08:25+00:00","dateModified":"2025-08-22T15:18:40+00:00","breadcrumb":{"@id":"https:\/\/www.pepinieriste-paysagiste-kresz.fr\/site\/nos-terreaux\/#breadcrumb"},"inLanguage":"fr-FR","potentialAction":[{"@type":"ReadAction","target":["https:\/\/www.pepinieriste-paysagiste-kresz.fr\/site\/nos-terreaux\/"]}]},{"@type":"ImageObject","inLanguage":"fr-FR","@id":"https:\/\/www.pepinieriste-paysagiste-kresz.fr\/site\/nos-terreaux\/#primaryimage","url":"https:\/\/www.pepinieriste-paysagiste-kresz.fr\/site\/wp-content\/uploads\/2016\/02\/Terreaux-horticole-1.jpg","contentUrl":"https:\/\/www.pepinieriste-paysagiste-kresz.fr\/site\/wp-content\/uploads\/2016\/02\/Terreaux-horticole-1.jpg","width":150,"height":200,"caption":"Pr\u00e9paration du sol et pose de gazon en plaque ou sem\u00e9e \u00e0 Brignoles"},{"@type":"BreadcrumbList","@id":"https:\/\/www.pepinieriste-paysagiste-kresz.fr\/site\/nos-terreaux\/#breadcrumb","itemListElement":[{"@type":"ListItem","position":1,"name":"Accueil","item":"https:\/\/www.pepinieriste-paysagiste-kresz.fr\/site\/landing\/accueil\/"},{"@type":"ListItem","position":2,"name":"NOS TERREAUX"}]},{"@type":"WebSite","@id":"https:\/\/www.pepinieriste-paysagiste-kresz.fr\/site\/#website","url":"https:\/\/www.pepinieriste-paysagiste-kresz.fr\/site\/","name":"P\u00e9pini\u00e8re Kresz","description":"paysagiste conseil vente","publisher":{"@id":"https:\/\/www.pepinieriste-paysagiste-kresz.fr\/site\/#organization"},"potentialAction":[{"@type":"SearchAction","target":{"@type":"EntryPoint","urlTemplate":"https:\/\/www.pepinieriste-paysagiste-kresz.fr\/site\/?s={search_term_string}"},"query-input":{"@type":"PropertyValueSpecification","valueRequired":true,"valueName":"search_term_string"}}],"inLanguage":"fr-FR"},{"@type":"Organization","@id":"https:\/\/www.pepinieriste-paysagiste-kresz.fr\/site\/#organization","name":"P\u00e9pini\u00e8re Kresz","url":"https:\/\/www.pepinieriste-paysagiste-kresz.fr\/site\/","logo":{"@type":"ImageObject","inLanguage":"fr-FR","@id":"https:\/\/www.pepinieriste-paysagiste-kresz.fr\/site\/#\/schema\/logo\/image\/","url":"https:\/\/www.pepinieriste-paysagiste-kresz.fr\/site\/wp-content\/uploads\/2018\/09\/LOGO-KRESZ-mini.png","contentUrl":"https:\/\/www.pepinieriste-paysagiste-kresz.fr\/site\/wp-content\/uploads\/2018\/09\/LOGO-KRESZ-mini.png","width":291,"height":80,"caption":"P\u00e9pini\u00e8re Kresz"},"image":{"@id":"https:\/\/www.pepinieriste-paysagiste-kresz.fr\/site\/#\/schema\/logo\/image\/"},"sameAs":["https:\/\/www.facebook.com\/P\u00e9pini\u00e8re-Kresz-348170148602816\/","https:\/\/www.instagram.com\/pepinierekresz\/","https:\/\/www.pinterest.fr\/pepinierekresz\/"]}]}},"_links":{"self":[{"href":"https:\/\/www.pepinieriste-paysagiste-kresz.fr\/site\/wp-json\/wp\/v2\/pages\/269","targetHints":{"allow":["GET"]}}],"collection":[{"href":"https:\/\/www.pepinieriste-paysagiste-kresz.fr\/site\/wp-json\/wp\/v2\/pages"}],"about":[{"href":"https:\/\/www.pepinieriste-paysagiste-kresz.fr\/site\/wp-json\/wp\/v2\/types\/page"}],"author":[{"embeddable":true,"href":"https:\/\/www.pepinieriste-paysagiste-kresz.fr\/site\/wp-json\/wp\/v2\/users\/1"}],"replies":[{"embeddable":true,"href":"https:\/\/www.pepinieriste-paysagiste-kresz.fr\/site\/wp-json\/wp\/v2\/comments?post=269"}],"version-history":[{"count":0,"href":"https:\/\/www.pepinieriste-paysagiste-kresz.fr\/site\/wp-json\/wp\/v2\/pages\/269\/revisions"}],"wp:attachment":[{"href":"https:\/\/www.pepinieriste-paysagiste-kresz.fr\/site\/wp-json\/wp\/v2\/media?parent=269"}],"curies":[{"name":"wp","href":"https:\/\/api.w.org\/{rel}","templated":true}]}}